{"id":789,"date":"2025-06-18T14:34:54","date_gmt":"2025-06-18T14:34:54","guid":{"rendered":"https:\/\/spiceroad.fr\/?page_id=789"},"modified":"2025-07-03T06:53:49","modified_gmt":"2025-07-03T06:53:49","slug":"5-des-relations-durables-et-humaines","status":"publish","type":"page","link":"https:\/\/spiceroad.fr\/en_gb\/nos-engagements\/5-des-relations-durables-et-humaines\/","title":{"rendered":"5. Sustainable and Humane Relationships"},"content":{"rendered":"<div data-elementor-type=\"wp-page\" data-elementor-id=\"789\" class=\"elementor elementor-789\" data-elementor-post-type=\"page\">\n\t\t\t\t<div class=\"elementor-element elementor-element-c56c119 e-flex e-con-boxed e-con e-parent\" data-id=\"c56c119\" data-element_type=\"container\" data-e-type=\"container\">\n\t\t\t\t\t<div class=\"e-con-inner\">\n\t\t<div class=\"elementor-element elementor-element-3b7292b e-con-full e-flex e-con e-child\" data-id=\"3b7292b\" data-element_type=\"container\" data-e-type=\"container\">\n\t\t\t\t<div class=\"elementor-element elementor-element-3630399 elementor-widget__width-inherit elementor-widget elementor-widget-heading\" data-id=\"3630399\" data-element_type=\"widget\" data-e-type=\"widget\" data-widget_type=\"heading.default\">\n\t\t\t\t<div class=\"elementor-widget-container\">\n\t\t\t\t\t<h1 class=\"elementor-heading-title elementor-size-default\">Sustainable and Human Relationships<\/h1>\t\t\t\t<\/div>\n\t\t\t\t<\/div>\n\t\t\t\t<div class=\"elementor-element elementor-element-4c2b148 elementor-widget__width-inherit elementor-widget elementor-widget-text-editor\" data-id=\"4c2b148\" data-element_type=\"widget\" data-e-type=\"widget\" data-widget_type=\"text-editor.default\">\n\t\t\t\t<div class=\"elementor-widget-container\">\n\t\t\t\t\t\t\t\t\t<ul><li style=\"font-weight: 400;\" aria-level=\"1\"><strong>A Committed Team<\/strong><\/li><\/ul><p><span style=\"font-weight: 400;\">Our team is founded on strong values: transparency, kindness, and excellence.<\/span><\/p><p class=\"translation-block\">Every individual has a meaningful role within our organization. <b>We prioritize local talent, active listening, and a commitment to delivering high-quality work.<\/b><\/p><p><span style=\"font-weight: 400;\">This collaborative and dedicated spirit is reflected in each of our projects, partnerships, and in every vanilla pod we produce.<\/span><\/p>\t\t\t\t\t\t\t\t<\/div>\n\t\t\t\t<\/div>\n\t\t\t\t<\/div>\n\t\t<div class=\"elementor-element elementor-element-e8110d2 e-con-full e-flex e-con e-child\" data-id=\"e8110d2\" data-element_type=\"container\" data-e-type=\"container\">\n\t\t\t\t<div class=\"elementor-element elementor-element-e2ea178 elementor-widget-mobile__width-inherit elementor-widget elementor-widget-image\" data-id=\"e2ea178\" data-element_type=\"widget\" data-e-type=\"widget\" data-widget_type=\"image.default\">\n\t\t\t\t<div class=\"elementor-widget-container\">\n\t\t\t\t\t\t\t\t\t\t\t\t\t\t\t<img fetchpriority=\"high\" decoding=\"async\" width=\"1920\" height=\"2560\" src=\"https:\/\/spiceroad.fr\/wp-content\/uploads\/2025\/06\/unnamed-scaled.webp\" class=\"attachment-large size-large wp-image-819\" alt=\"qualit\u00e9 durable vanille de madagascar\" srcset=\"https:\/\/spiceroad.fr\/wp-content\/uploads\/2025\/06\/unnamed-scaled.webp 1920w, https:\/\/spiceroad.fr\/wp-content\/uploads\/2025\/06\/unnamed-768x1024.webp 768w, https:\/\/spiceroad.fr\/wp-content\/uploads\/2025\/06\/unnamed-1152x1536.webp 1152w, https:\/\/spiceroad.fr\/wp-content\/uploads\/2025\/06\/unnamed-1536x2048.webp 1536w, https:\/\/spiceroad.fr\/wp-content\/uploads\/2025\/06\/unnamed-9x12.webp 9w\" sizes=\"(max-width: 1920px) 100vw, 1920px\" \/>\t\t\t\t\t\t\t\t\t\t\t\t\t\t\t<\/div>\n\t\t\t\t<\/div>\n\t\t\t\t<div class=\"elementor-element elementor-element-07e8af5 elementor-absolute elementor-widget elementor-widget-heading\" data-id=\"07e8af5\" data-element_type=\"widget\" data-e-type=\"widget\" data-settings=\"{&quot;_position&quot;:&quot;absolute&quot;}\" data-widget_type=\"heading.default\">\n\t\t\t\t<div class=\"elementor-widget-container\">\n\t\t\t\t\t<div class=\"elementor-heading-title elementor-size-default\">Sustainable and Human Relationships<\/div>\t\t\t\t<\/div>\n\t\t\t\t<\/div>\n\t\t\t\t<\/div>\n\t\t\t\t\t<\/div>\n\t\t\t\t<\/div>\n\t\t<div class=\"elementor-element elementor-element-6bedac7 e-flex e-con-boxed e-con e-parent\" data-id=\"6bedac7\" data-element_type=\"container\" data-e-type=\"container\">\n\t\t\t\t\t<div class=\"e-con-inner\">\n\t\t\t\t<div class=\"elementor-element elementor-element-574ac54 elementor-widget__width-initial elementor-widget-mobile__width-inherit elementor-widget elementor-widget-text-editor\" data-id=\"574ac54\" data-element_type=\"widget\" data-e-type=\"widget\" data-widget_type=\"text-editor.default\">\n\t\t\t\t<div class=\"elementor-widget-container\">\n\t\t\t\t\t\t\t\t\t<ul><li style=\"font-weight: 400;\" aria-level=\"1\"><strong>A Relationship of Trust with Clients<\/strong><\/li><\/ul><p><span style=\"font-weight: 400;\">Client relationships built over time.<\/span><\/p><p><span style=\"font-weight: 400;\">Beyond a mere collaboration, we foster <b>genuine and lasting connections.<\/b><\/span><\/p><p><span style=\"font-weight: 400;\">Listening, understanding, and exchanging: this is how a dynamic of trust is created, based on clarity and mutual respect.<\/span><\/p><p><span style=\"font-weight: 400;\">Listening, understanding, and engaging: this is how we establish a trust-driven dynamic, founded on clarity and mutual respect.<\/span><\/p><p><span style=\"font-weight: 400;\">Over time, these interactions evolve into natural, solid, and sometimes even familial bonds.\nJust as we ensure the quality of our vanilla, the well-being of our producers, and the preservation of our land, we are equally dedicated to those who place their trust in us.<\/span><\/p>\t\t\t\t\t\t\t\t<\/div>\n\t\t\t\t<\/div>\n\t\t\t\t<div class=\"elementor-element elementor-element-a1411c9 elementor-widget__width-initial elementor-widget-mobile__width-inherit elementor-widget elementor-widget-video\" data-id=\"a1411c9\" data-element_type=\"widget\" data-e-type=\"widget\" data-settings=\"{&quot;video_type&quot;:&quot;hosted&quot;,&quot;autoplay&quot;:&quot;yes&quot;,&quot;loop&quot;:&quot;yes&quot;,&quot;controls&quot;:&quot;yes&quot;}\" data-widget_type=\"video.default\">\n\t\t\t\t<div class=\"elementor-widget-container\">\n\t\t\t\t\t\t\t<div class=\"e-hosted-video elementor-wrapper elementor-open-inline\">\n\t\t\t\t\t<video class=\"elementor-video\" src=\"https:\/\/spiceroad.fr\/wp-content\/uploads\/2025\/06\/IMG_04271-ezgif.com-mute-video.mov\" autoplay=\"\" loop=\"\" controls=\"\" controlslist=\"nodownload\"><\/video>\n\t\t\t\t<\/div>\n\t\t\t\t\t\t<\/div>\n\t\t\t\t<\/div>\n\t\t\t\t\t<\/div>\n\t\t\t\t<\/div>\n\t\t\t\t<\/div>","protected":false},"excerpt":{"rendered":"<p>Des relations durables et humaines Une \u00e9quipe engag\u00e9e Notre \u00e9quipe repose sur des valeurs fortes : transparence, bienveillance et exigence. Chacun y trouve sa place. Nous valorisons les talents locaux, l\u2019\u00e9coute active et le go\u00fbt du travail bien fait. Cet esprit collaboratif et engag\u00e9 se retrouve dans chacun de nos projets, de nos partenariats\u2026 jusqu\u2019\u00e0 [&hellip;]<\/p>","protected":false},"author":1,"featured_media":819,"parent":19,"menu_order":0,"comment_status":"closed","ping_status":"closed","template":"","meta":{"footnotes":""},"class_list":["post-789","page","type-page","status-publish","has-post-thumbnail","hentry"],"_links":{"self":[{"href":"https:\/\/spiceroad.fr\/en_gb\/wp-json\/wp\/v2\/pages\/789","targetHints":{"allow":["GET"]}}],"collection":[{"href":"https:\/\/spiceroad.fr\/en_gb\/wp-json\/wp\/v2\/pages"}],"about":[{"href":"https:\/\/spiceroad.fr\/en_gb\/wp-json\/wp\/v2\/types\/page"}],"author":[{"embeddable":true,"href":"https:\/\/spiceroad.fr\/en_gb\/wp-json\/wp\/v2\/users\/1"}],"replies":[{"embeddable":true,"href":"https:\/\/spiceroad.fr\/en_gb\/wp-json\/wp\/v2\/comments?post=789"}],"version-history":[{"count":38,"href":"https:\/\/spiceroad.fr\/en_gb\/wp-json\/wp\/v2\/pages\/789\/revisions"}],"predecessor-version":[{"id":1275,"href":"https:\/\/spiceroad.fr\/en_gb\/wp-json\/wp\/v2\/pages\/789\/revisions\/1275"}],"up":[{"embeddable":true,"href":"https:\/\/spiceroad.fr\/en_gb\/wp-json\/wp\/v2\/pages\/19"}],"wp:featuredmedia":[{"embeddable":true,"href":"https:\/\/spiceroad.fr\/en_gb\/wp-json\/wp\/v2\/media\/819"}],"wp:attachment":[{"href":"https:\/\/spiceroad.fr\/en_gb\/wp-json\/wp\/v2\/media?parent=789"}],"curies":[{"name":"wp","href":"https:\/\/api.w.org\/{rel}","templated":true}]}}