{"id":783,"date":"2025-06-18T14:31:39","date_gmt":"2025-06-18T14:31:39","guid":{"rendered":"https:\/\/spiceroad.fr\/?page_id=783"},"modified":"2025-07-03T06:55:11","modified_gmt":"2025-07-03T06:55:11","slug":"preservation-du-patrimoine-naturel","status":"publish","type":"page","link":"https:\/\/spiceroad.fr\/en_gb\/nos-engagements\/preservation-du-patrimoine-naturel\/","title":{"rendered":"4. Preservation of Natural Heritage"},"content":{"rendered":"<div data-elementor-type=\"wp-page\" data-elementor-id=\"783\" class=\"elementor elementor-783\" data-elementor-post-type=\"page\">\n\t\t\t\t<div class=\"elementor-element elementor-element-1a33879 e-flex e-con-boxed e-con e-parent\" data-id=\"1a33879\" data-element_type=\"container\" data-e-type=\"container\">\n\t\t\t\t\t<div class=\"e-con-inner\">\n\t\t\t\t<div class=\"elementor-element elementor-element-ced4584 elementor-widget elementor-widget-video\" data-id=\"ced4584\" data-element_type=\"widget\" data-e-type=\"widget\" data-settings=\"{&quot;video_type&quot;:&quot;hosted&quot;,&quot;autoplay&quot;:&quot;yes&quot;,&quot;mute&quot;:&quot;yes&quot;,&quot;controls&quot;:&quot;yes&quot;}\" data-widget_type=\"video.default\">\n\t\t\t\t<div class=\"elementor-widget-container\">\n\t\t\t\t\t\t\t<div class=\"e-hosted-video elementor-wrapper elementor-open-inline\">\n\t\t\t\t\t<video class=\"elementor-video\" src=\"https:\/\/spiceroad.fr\/wp-content\/uploads\/2025\/06\/IMG_5409.mov\" autoplay=\"\" controls=\"\" muted=\"muted\" controlslist=\"nodownload\"><\/video>\n\t\t\t\t<\/div>\n\t\t\t\t\t\t<\/div>\n\t\t\t\t<\/div>\n\t\t\t\t\t<\/div>\n\t\t\t\t<\/div>\n\t\t<div class=\"elementor-element elementor-element-c56c119 e-flex e-con-boxed e-con e-parent\" data-id=\"c56c119\" data-element_type=\"container\" data-e-type=\"container\">\n\t\t\t\t\t<div class=\"e-con-inner\">\n\t\t<div class=\"elementor-element elementor-element-3b7292b e-con-full e-flex e-con e-child\" data-id=\"3b7292b\" data-element_type=\"container\" data-e-type=\"container\">\n\t\t\t\t<div class=\"elementor-element elementor-element-3630399 elementor-widget__width-inherit elementor-widget elementor-widget-heading\" data-id=\"3630399\" data-element_type=\"widget\" data-e-type=\"widget\" data-widget_type=\"heading.default\">\n\t\t\t\t<div class=\"elementor-widget-container\">\n\t\t\t\t\t<h1 class=\"elementor-heading-title elementor-size-default\">Preserving Natural Heritage<\/h1>\t\t\t\t<\/div>\n\t\t\t\t<\/div>\n\t\t\t\t<div class=\"elementor-element elementor-element-4c2b148 elementor-widget__width-inherit elementor-widget elementor-widget-text-editor\" data-id=\"4c2b148\" data-element_type=\"widget\" data-e-type=\"widget\" data-widget_type=\"text-editor.default\">\n\t\t\t\t<div class=\"elementor-widget-container\">\n\t\t\t\t\t\t\t\t\t<p class=\"translation-block\">Deeply rooted in the realities of Madagascar, we operate with an extensive understanding of the territory and its fragile ecological balance. Acknowledging both the richness and vulnerability of local ecosystems, we implement practices that prioritize soil conservation and biodiversity.<\/p><p class=\"translation-block\">We raise awareness among farmers about environmental challenges and actively engage in reforestation initiatives, including the planting of vanilla plants and endemic species, directly linked to our sourcing activities. Each year, approximately 2,800 young plants are planted, with ongoing field monitoring. These efforts result in an average survival rate of 75%, reflecting the tangible and sustainable impact of our actions.<\/p><p class=\"translation-block\">Our commitment extends beyond the vanilla sector. We have contributed, and continue to actively participate, in the restoration of a severely degraded area due to bushfires, now designated as a natural reserve: Nosy Soa Park in Mantasoa. This sanctuary is home to numerous emblematic species of Madagascar, including lemurs, turtles, and chameleons, as well as an exceptional range of endemic flora.<\/p>\t\t\t\t\t\t\t\t<\/div>\n\t\t\t\t<\/div>\n\t\t\t\t<\/div>\n\t\t<div class=\"elementor-element elementor-element-e8110d2 e-con-full e-flex e-con e-child\" data-id=\"e8110d2\" data-element_type=\"container\" data-e-type=\"container\">\n\t\t\t\t<div class=\"elementor-element elementor-element-952a75b elementor-widget elementor-widget-image\" data-id=\"952a75b\" data-element_type=\"widget\" data-e-type=\"widget\" data-widget_type=\"image.default\">\n\t\t\t\t<div class=\"elementor-widget-container\">\n\t\t\t\t\t\t\t\t\t\t\t\t\t\t\t<img fetchpriority=\"high\" decoding=\"async\" width=\"1125\" height=\"2000\" src=\"https:\/\/spiceroad.fr\/wp-content\/uploads\/2025\/06\/IMG_1498.jpg\" class=\"attachment-large size-large wp-image-953\" alt=\"\" srcset=\"https:\/\/spiceroad.fr\/wp-content\/uploads\/2025\/06\/IMG_1498.jpg 1125w, https:\/\/spiceroad.fr\/wp-content\/uploads\/2025\/06\/IMG_1498-768x1365.jpg 768w, https:\/\/spiceroad.fr\/wp-content\/uploads\/2025\/06\/IMG_1498-864x1536.jpg 864w, https:\/\/spiceroad.fr\/wp-content\/uploads\/2025\/06\/IMG_1498-7x12.jpg 7w\" sizes=\"(max-width: 1125px) 100vw, 1125px\" \/>\t\t\t\t\t\t\t\t\t\t\t\t\t\t\t<\/div>\n\t\t\t\t<\/div>\n\t\t\t\t<div class=\"elementor-element elementor-element-3075b79 elementor-absolute elementor-widget elementor-widget-heading\" data-id=\"3075b79\" data-element_type=\"widget\" data-e-type=\"widget\" data-settings=\"{&quot;_position&quot;:&quot;absolute&quot;}\" data-widget_type=\"heading.default\">\n\t\t\t\t<div class=\"elementor-widget-container\">\n\t\t\t\t\t<div class=\"elementor-heading-title elementor-size-default\">Preserving Natural Heritage<\/div>\t\t\t\t<\/div>\n\t\t\t\t<\/div>\n\t\t\t\t<\/div>\n\t\t\t\t\t<\/div>\n\t\t\t\t<\/div>\n\t\t\t\t<\/div>","protected":false},"excerpt":{"rendered":"<p>https:\/\/spiceroad.fr\/wp-content\/uploads\/2025\/06\/IMG_5409.mov La pr\u00e9servation du patrimoine naturel Ancr\u00e9s au c\u0153ur des r\u00e9alit\u00e9s malgaches, nous agissons avec une connaissance profonde du territoire et de ses \u00e9quilibres fragiles. Conscients de la richesse et de la vuln\u00e9rabilit\u00e9 des \u00e9cosyst\u00e8mes locaux, nous mettons en place des pratiques respectueuses des sols et de la biodiversit\u00e9. Nous sensibilisons les agriculteurs aux enjeux [&hellip;]<\/p>","protected":false},"author":1,"featured_media":0,"parent":19,"menu_order":0,"comment_status":"closed","ping_status":"closed","template":"","meta":{"footnotes":""},"class_list":["post-783","page","type-page","status-publish","hentry"],"_links":{"self":[{"href":"https:\/\/spiceroad.fr\/en_gb\/wp-json\/wp\/v2\/pages\/783","targetHints":{"allow":["GET"]}}],"collection":[{"href":"https:\/\/spiceroad.fr\/en_gb\/wp-json\/wp\/v2\/pages"}],"about":[{"href":"https:\/\/spiceroad.fr\/en_gb\/wp-json\/wp\/v2\/types\/page"}],"author":[{"embeddable":true,"href":"https:\/\/spiceroad.fr\/en_gb\/wp-json\/wp\/v2\/users\/1"}],"replies":[{"embeddable":true,"href":"https:\/\/spiceroad.fr\/en_gb\/wp-json\/wp\/v2\/comments?post=783"}],"version-history":[{"count":35,"href":"https:\/\/spiceroad.fr\/en_gb\/wp-json\/wp\/v2\/pages\/783\/revisions"}],"predecessor-version":[{"id":1276,"href":"https:\/\/spiceroad.fr\/en_gb\/wp-json\/wp\/v2\/pages\/783\/revisions\/1276"}],"up":[{"embeddable":true,"href":"https:\/\/spiceroad.fr\/en_gb\/wp-json\/wp\/v2\/pages\/19"}],"wp:attachment":[{"href":"https:\/\/spiceroad.fr\/en_gb\/wp-json\/wp\/v2\/media?parent=783"}],"curies":[{"name":"wp","href":"https:\/\/api.w.org\/{rel}","templated":true}]}}