{"id":777,"date":"2025-06-18T14:27:35","date_gmt":"2025-06-18T14:27:35","guid":{"rendered":"https:\/\/spiceroad.fr\/?page_id=777"},"modified":"2025-07-03T06:55:27","modified_gmt":"2025-07-03T06:55:27","slug":"3-la-sante-une-priorite","status":"publish","type":"page","link":"https:\/\/spiceroad.fr\/en_gb\/nos-engagements\/3-la-sante-une-priorite\/","title":{"rendered":"3. La sant\u00e9, une priorit\u00e9."},"content":{"rendered":"<div data-elementor-type=\"wp-page\" data-elementor-id=\"777\" class=\"elementor elementor-777\" data-elementor-post-type=\"page\">\n\t\t\t\t<div class=\"elementor-element elementor-element-c56c119 e-flex e-con-boxed e-con e-parent\" data-id=\"c56c119\" data-element_type=\"container\" data-e-type=\"container\">\n\t\t\t\t\t<div class=\"e-con-inner\">\n\t\t<div class=\"elementor-element elementor-element-3b7292b e-con-full e-flex e-con e-child\" data-id=\"3b7292b\" data-element_type=\"container\" data-e-type=\"container\">\n\t\t\t\t<div class=\"elementor-element elementor-element-3630399 elementor-widget__width-inherit elementor-widget elementor-widget-heading\" data-id=\"3630399\" data-element_type=\"widget\" data-e-type=\"widget\" data-widget_type=\"heading.default\">\n\t\t\t\t<div class=\"elementor-widget-container\">\n\t\t\t\t\t<h1 class=\"elementor-heading-title elementor-size-default\">Health, a Priority<\/h1>\t\t\t\t<\/div>\n\t\t\t\t<\/div>\n\t\t\t\t<div class=\"elementor-element elementor-element-4c2b148 elementor-widget__width-inherit elementor-widget elementor-widget-text-editor\" data-id=\"4c2b148\" data-element_type=\"widget\" data-e-type=\"widget\" data-widget_type=\"text-editor.default\">\n\t\t\t\t<div class=\"elementor-widget-container\">\n\t\t\t\t\t\t\t\t\t<p><span style=\"font-weight: 400;\">Malaria continues to be one of the major health challenges in Madagascar.<\/span><\/p><p><span style=\"font-weight: 400;\">Recognizing the importance of this issue, we are actively engaged in prevention initiatives at our level.<\/span><\/p><p><span style=\"font-weight: 400;\">Our contribution includes the distribution of untreated mosquito nets, a simple yet vital solution to reduce exposure to mosquito bites, particularly among children.<\/span><\/p><p class=\"translation-block\">In collaboration with local partners, we support a <b>preventive, sustainable, and contextually appropriate approach to healthcare.<\/b><\/p>\t\t\t\t\t\t\t\t<\/div>\n\t\t\t\t<\/div>\n\t\t\t\t<\/div>\n\t\t<div class=\"elementor-element elementor-element-e8110d2 e-con-full e-flex e-con e-child\" data-id=\"e8110d2\" data-element_type=\"container\" data-e-type=\"container\">\n\t\t\t\t<div class=\"elementor-element elementor-element-952a75b elementor-widget elementor-widget-image\" data-id=\"952a75b\" data-element_type=\"widget\" data-e-type=\"widget\" data-widget_type=\"image.default\">\n\t\t\t\t<div class=\"elementor-widget-container\">\n\t\t\t\t\t\t\t\t\t\t\t\t\t\t\t<img fetchpriority=\"high\" decoding=\"async\" width=\"2000\" height=\"1500\" src=\"https:\/\/spiceroad.fr\/wp-content\/uploads\/2025\/06\/sante-madagascar.webp\" class=\"attachment-large size-large wp-image-779\" alt=\"\" srcset=\"https:\/\/spiceroad.fr\/wp-content\/uploads\/2025\/06\/sante-madagascar.webp 2000w, https:\/\/spiceroad.fr\/wp-content\/uploads\/2025\/06\/sante-madagascar-768x576.webp 768w, https:\/\/spiceroad.fr\/wp-content\/uploads\/2025\/06\/sante-madagascar-1536x1152.webp 1536w, https:\/\/spiceroad.fr\/wp-content\/uploads\/2025\/06\/sante-madagascar-16x12.webp 16w\" sizes=\"(max-width: 2000px) 100vw, 2000px\" \/>\t\t\t\t\t\t\t\t\t\t\t\t\t\t\t<\/div>\n\t\t\t\t<\/div>\n\t\t\t\t<div class=\"elementor-element elementor-element-975e336 elementor-absolute elementor-widget elementor-widget-heading\" data-id=\"975e336\" data-element_type=\"widget\" data-e-type=\"widget\" data-settings=\"{&quot;_position&quot;:&quot;absolute&quot;}\" data-widget_type=\"heading.default\">\n\t\t\t\t<div class=\"elementor-widget-container\">\n\t\t\t\t\t<div class=\"elementor-heading-title elementor-size-default\">Acting for Responsible Health<\/div>\t\t\t\t<\/div>\n\t\t\t\t<\/div>\n\t\t\t\t<\/div>\n\t\t\t\t\t<\/div>\n\t\t\t\t<\/div>\n\t\t\t\t<\/div>","protected":false},"excerpt":{"rendered":"<p>La sant\u00e9, une priorit\u00e9 Le paludisme est l\u2019un des grands fl\u00e9aux qui frappent encore Madagascar. Conscients des enjeux, nous participons \u00e0 des actions de pr\u00e9vention, \u00e0 notre \u00e9chelle. Nous contribuons notamment par la distribution de moustiquaires non trait\u00e9es, une solution simple mais essentielle pour r\u00e9duire l\u2019exposition aux piq\u00fbres de moustiques, particuli\u00e8rement chez les enfants. Aux [&hellip;]<\/p>","protected":false},"author":1,"featured_media":0,"parent":19,"menu_order":0,"comment_status":"closed","ping_status":"closed","template":"","meta":{"footnotes":""},"class_list":["post-777","page","type-page","status-publish","hentry"],"_links":{"self":[{"href":"https:\/\/spiceroad.fr\/en_gb\/wp-json\/wp\/v2\/pages\/777","targetHints":{"allow":["GET"]}}],"collection":[{"href":"https:\/\/spiceroad.fr\/en_gb\/wp-json\/wp\/v2\/pages"}],"about":[{"href":"https:\/\/spiceroad.fr\/en_gb\/wp-json\/wp\/v2\/types\/page"}],"author":[{"embeddable":true,"href":"https:\/\/spiceroad.fr\/en_gb\/wp-json\/wp\/v2\/users\/1"}],"replies":[{"embeddable":true,"href":"https:\/\/spiceroad.fr\/en_gb\/wp-json\/wp\/v2\/comments?post=777"}],"version-history":[{"count":23,"href":"https:\/\/spiceroad.fr\/en_gb\/wp-json\/wp\/v2\/pages\/777\/revisions"}],"predecessor-version":[{"id":1277,"href":"https:\/\/spiceroad.fr\/en_gb\/wp-json\/wp\/v2\/pages\/777\/revisions\/1277"}],"up":[{"embeddable":true,"href":"https:\/\/spiceroad.fr\/en_gb\/wp-json\/wp\/v2\/pages\/19"}],"wp:attachment":[{"href":"https:\/\/spiceroad.fr\/en_gb\/wp-json\/wp\/v2\/media?parent=777"}],"curies":[{"name":"wp","href":"https:\/\/api.w.org\/{rel}","templated":true}]}}