{"id":771,"date":"2025-06-18T14:25:21","date_gmt":"2025-06-18T14:25:21","guid":{"rendered":"https:\/\/spiceroad.fr\/?page_id=771"},"modified":"2025-07-03T06:55:36","modified_gmt":"2025-07-03T06:55:36","slug":"2-le-soutien-des-femmes-et-des-generations-futures","status":"publish","type":"page","link":"https:\/\/spiceroad.fr\/en_gb\/nos-engagements\/2-le-soutien-des-femmes-et-des-generations-futures\/","title":{"rendered":"2. Le soutien des femmes et des g\u00e9n\u00e9rations futures"},"content":{"rendered":"<div data-elementor-type=\"wp-page\" data-elementor-id=\"771\" class=\"elementor elementor-771\" data-elementor-post-type=\"page\">\n\t\t\t\t<div class=\"elementor-element elementor-element-c56c119 e-flex e-con-boxed e-con e-parent\" data-id=\"c56c119\" data-element_type=\"container\" data-e-type=\"container\">\n\t\t\t\t\t<div class=\"e-con-inner\">\n\t\t<div class=\"elementor-element elementor-element-3b7292b e-con-full e-flex e-con e-child\" data-id=\"3b7292b\" data-element_type=\"container\" data-e-type=\"container\">\n\t\t\t\t<div class=\"elementor-element elementor-element-3630399 elementor-widget__width-inherit elementor-widget elementor-widget-heading\" data-id=\"3630399\" data-element_type=\"widget\" data-e-type=\"widget\" data-widget_type=\"heading.default\">\n\t\t\t\t<div class=\"elementor-widget-container\">\n\t\t\t\t\t<h1 class=\"elementor-heading-title elementor-size-default\">Supporting Women and Future Generations<\/h1>\t\t\t\t<\/div>\n\t\t\t\t<\/div>\n\t\t\t\t<div class=\"elementor-element elementor-element-4c2b148 elementor-widget__width-inherit elementor-widget elementor-widget-text-editor\" data-id=\"4c2b148\" data-element_type=\"widget\" data-e-type=\"widget\" data-widget_type=\"text-editor.default\">\n\t\t\t\t<div class=\"elementor-widget-container\">\n\t\t\t\t\t\t\t\t\t<p><span style=\"font-weight: 400;\">Women are a cornerstone of the rural economy in Madagascar.<\/span><span style=\"font-weight: 400;\"><br \/><\/span><\/p><p class=\"translation-block\">We support <b>their empowerment<\/b> through training, financial education, and the respect of their rights.<\/p><p class=\"translation-block\">In partnership with a local microfinance institution, we have organized specialized training to help them manage resources, engage in entrepreneurship, and <b>build a sustainable future.<\/b><\/p><p class=\"translation-block\">Furthermore, we actively contribute, with local partners, to initiatives focused on <b>children's education<\/b> and knowledge transfer. <b>The rejection of child labor<\/b> is a fundamental principle for us.<\/p>\t\t\t\t\t\t\t\t<\/div>\n\t\t\t\t<\/div>\n\t\t\t\t<\/div>\n\t\t<div class=\"elementor-element elementor-element-e8110d2 e-con-full e-flex e-con e-child\" data-id=\"e8110d2\" data-element_type=\"container\" data-e-type=\"container\">\n\t\t\t\t<div class=\"elementor-element elementor-element-952a75b elementor-widget elementor-widget-image\" data-id=\"952a75b\" data-element_type=\"widget\" data-e-type=\"widget\" data-widget_type=\"image.default\">\n\t\t\t\t<div class=\"elementor-widget-container\">\n\t\t\t\t\t\t\t\t\t\t\t\t\t\t\t<img fetchpriority=\"high\" decoding=\"async\" width=\"1440\" height=\"2560\" src=\"https:\/\/spiceroad.fr\/wp-content\/uploads\/2025\/06\/unnamed-2-scaled.webp\" class=\"attachment-large size-large wp-image-1073\" alt=\"production de vanille madagascar\" srcset=\"https:\/\/spiceroad.fr\/wp-content\/uploads\/2025\/06\/unnamed-2-scaled.webp 1440w, https:\/\/spiceroad.fr\/wp-content\/uploads\/2025\/06\/unnamed-2-768x1365.webp 768w, https:\/\/spiceroad.fr\/wp-content\/uploads\/2025\/06\/unnamed-2-864x1536.webp 864w, https:\/\/spiceroad.fr\/wp-content\/uploads\/2025\/06\/unnamed-2-1152x2048.webp 1152w, https:\/\/spiceroad.fr\/wp-content\/uploads\/2025\/06\/unnamed-2-7x12.webp 7w\" sizes=\"(max-width: 1440px) 100vw, 1440px\" \/>\t\t\t\t\t\t\t\t\t\t\t\t\t\t\t<\/div>\n\t\t\t\t<\/div>\n\t\t\t\t<div class=\"elementor-element elementor-element-695cb8d elementor-absolute elementor-widget__width-auto elementor-widget elementor-widget-heading\" data-id=\"695cb8d\" data-element_type=\"widget\" data-e-type=\"widget\" data-settings=\"{&quot;_position&quot;:&quot;absolute&quot;}\" data-widget_type=\"heading.default\">\n\t\t\t\t<div class=\"elementor-widget-container\">\n\t\t\t\t\t<div class=\"elementor-heading-title elementor-size-default\">Women and Future Generations<\/div>\t\t\t\t<\/div>\n\t\t\t\t<\/div>\n\t\t\t\t<\/div>\n\t\t\t\t\t<\/div>\n\t\t\t\t<\/div>\n\t\t\t\t<\/div>","protected":false},"excerpt":{"rendered":"<p>Le soutien des femmes et des g\u00e9n\u00e9rations futures La femme est un pilier de l\u2019\u00e9conomie rurale \u00e0 Madagascar. Nous soutenons leur autonomie \u00e0 travers la formation, l\u2019\u00e9ducation financi\u00e8re et le respect de leurs droits. En collaboration avec une institution de microfinance locale, nous avons organis\u00e9 une formation d\u00e9di\u00e9e pour lieux g\u00e9rer leurs ressources, entreprendre et [&hellip;]<\/p>","protected":false},"author":1,"featured_media":0,"parent":19,"menu_order":0,"comment_status":"closed","ping_status":"closed","template":"","meta":{"footnotes":""},"class_list":["post-771","page","type-page","status-publish","hentry"],"_links":{"self":[{"href":"https:\/\/spiceroad.fr\/en_gb\/wp-json\/wp\/v2\/pages\/771","targetHints":{"allow":["GET"]}}],"collection":[{"href":"https:\/\/spiceroad.fr\/en_gb\/wp-json\/wp\/v2\/pages"}],"about":[{"href":"https:\/\/spiceroad.fr\/en_gb\/wp-json\/wp\/v2\/types\/page"}],"author":[{"embeddable":true,"href":"https:\/\/spiceroad.fr\/en_gb\/wp-json\/wp\/v2\/users\/1"}],"replies":[{"embeddable":true,"href":"https:\/\/spiceroad.fr\/en_gb\/wp-json\/wp\/v2\/comments?post=771"}],"version-history":[{"count":38,"href":"https:\/\/spiceroad.fr\/en_gb\/wp-json\/wp\/v2\/pages\/771\/revisions"}],"predecessor-version":[{"id":1278,"href":"https:\/\/spiceroad.fr\/en_gb\/wp-json\/wp\/v2\/pages\/771\/revisions\/1278"}],"up":[{"embeddable":true,"href":"https:\/\/spiceroad.fr\/en_gb\/wp-json\/wp\/v2\/pages\/19"}],"wp:attachment":[{"href":"https:\/\/spiceroad.fr\/en_gb\/wp-json\/wp\/v2\/media?parent=771"}],"curies":[{"name":"wp","href":"https:\/\/api.w.org\/{rel}","templated":true}]}}