{"id":236,"date":"2025-06-07T05:19:29","date_gmt":"2025-06-07T05:19:29","guid":{"rendered":"https:\/\/spiceroad.fr\/?page_id=236"},"modified":"2025-06-12T13:25:42","modified_gmt":"2025-06-12T13:25:42","slug":"politique-de-confidentialite","status":"publish","type":"page","link":"https:\/\/spiceroad.fr\/en_gb\/politique-de-confidentialite\/","title":{"rendered":"Politique de confidentialit\u00e9"},"content":{"rendered":"<div data-elementor-type=\"wp-page\" data-elementor-id=\"236\" class=\"elementor elementor-236\" data-elementor-post-type=\"page\">\n\t\t\t\t<div class=\"elementor-element elementor-element-9e82b6a e-flex e-con-boxed e-con e-parent\" data-id=\"9e82b6a\" data-element_type=\"container\" data-e-type=\"container\" data-no-translation=\"\">\n\t\t\t\t\t<div class=\"e-con-inner\">\n\t\t\t\t<div class=\"elementor-element elementor-element-6ad1764 elementor-widget elementor-widget-heading\" data-id=\"6ad1764\" data-element_type=\"widget\" data-e-type=\"widget\" data-widget_type=\"heading.default\">\n\t\t\t\t<div class=\"elementor-widget-container\">\n\t\t\t\t\t<h1 class=\"elementor-heading-title elementor-size-default\">Privacy Policy<\/h1>\t\t\t\t<\/div>\n\t\t\t\t<\/div>\n\t\t\t\t<div class=\"elementor-element elementor-element-c3ea146 elementor-widget elementor-widget-text-editor\" data-id=\"c3ea146\" data-element_type=\"widget\" data-e-type=\"widget\" data-widget_type=\"text-editor.default\">\n\t\t\t\t<div class=\"elementor-widget-container\">\n\t\t\t\t\t\t\t\t\t<ol data-start=\"20\" data-end=\"281\"><li data-start=\"20\" data-end=\"205\"><p data-start=\"23\" data-end=\"205\"><strong data-start=\"23\" data-end=\"42\">Data Controller<\/strong><br data-start=\"42\" data-end=\"45\" \/>Spice Road, headquartered at 16, Rue Sainte-C\u00e9cile, 75009 Paris, France, is responsible for processing personal data collected via the website <a class=\"\" href=\"http:\/\/www.spiceroad.fr\" target=\"_new\" rel=\"noopener\" data-start=\"188\" data-end=\"204\">www.spiceroad.fr<\/a>.<\/p><\/li><li data-start=\"207\" data-end=\"281\"><p data-start=\"210\" data-end=\"281\"><strong data-start=\"210\" data-end=\"228\">Data Collected<\/strong><br data-start=\"228\" data-end=\"231\" \/>Categories of personal data that may be processed:<\/p><\/li><\/ol><ul data-start=\"283\" data-end=\"522\"><li data-start=\"283\" data-end=\"407\"><p data-start=\"285\" data-end=\"407\"><strong data-start=\"285\" data-end=\"320\">Identification and contact data<\/strong>: name, first name, email address, phone number \u2014 entered via contact or quote forms.<\/p><\/li><li data-start=\"408\" data-end=\"522\"><p data-start=\"410\" data-end=\"522\"><strong data-start=\"410\" data-end=\"427\">Browsing data<\/strong>: IP address, browser type, pages visited \u2014 via cookies and analytics tools (Google Analytics).<\/p><\/li><\/ul><ol start=\"3\" data-start=\"524\" data-end=\"555\"><li data-start=\"524\" data-end=\"555\"><p data-start=\"527\" data-end=\"555\"><strong data-start=\"527\" data-end=\"555\">Purposes and Legal Bases<\/strong><\/p><\/li><\/ol><p data-start=\"38\" data-end=\"271\">&lt;table&gt; &lt;thead&gt; &lt;tr&gt; &lt;th&gt;Purpose&lt;\/th&gt; &lt;th&gt;Data Concerned&lt;\/th&gt; &lt;th&gt;Legal Basis&lt;\/th&gt; &lt;\/tr&gt; &lt;\/thead&gt; &lt;tbody&gt; &lt;tr&gt; &lt;td&gt;Processing contact requests&lt;\/td&gt; &lt;td&gt;Identity, email, phone&lt;\/td&gt; &lt;td&gt;Execution of a pre-contractual request&lt;\/td&gt; &lt;\/tr&gt; &lt;tr&gt; &lt;td&gt;Improvement of the website and traffic monitoring&lt;\/td&gt; &lt;td&gt;Browsing data&lt;\/td&gt; &lt;td&gt;Legitimate interest of the publisher&lt;\/td&gt; &lt;\/tr&gt; &lt;tr&gt; &lt;td&gt;Cookie management&lt;\/td&gt; &lt;td&gt;User preferences&lt;\/td&gt; &lt;td&gt;Explicit consent&lt;\/td&gt; &lt;\/tr&gt; &lt;\/tbody&gt; &lt;\/table&gt;<\/p><ol start=\"4\" data-start=\"1151\" data-end=\"1174\"><li data-start=\"1151\" data-end=\"1174\"><p data-start=\"1154\" data-end=\"1174\"><strong data-start=\"1154\" data-end=\"1174\">Retention Period<\/strong><\/p><\/li><\/ol><ul data-start=\"1176\" data-end=\"1332\"><li data-start=\"1176\" data-end=\"1241\"><p data-start=\"1178\" data-end=\"1241\">Contact data: retained for 3 years from the last interaction.<\/p><\/li><li data-start=\"1242\" data-end=\"1332\"><p data-start=\"1244\" data-end=\"1332\">Browsing data (cookies): maximum duration of 13 months, unless renewed consent is given.<\/p><\/li><\/ul><ol start=\"5\" data-start=\"1334\" data-end=\"1356\"><li data-start=\"1334\" data-end=\"1356\"><p data-start=\"1337\" data-end=\"1356\"><strong data-start=\"1337\" data-end=\"1356\">Data Recipients<\/strong><\/p><\/li><\/ol><ul data-start=\"1358\" data-end=\"1687\"><li data-start=\"1358\" data-end=\"1417\"><p data-start=\"1360\" data-end=\"1417\"><strong data-start=\"1360\" data-end=\"1372\">Internal<\/strong>: Spice Road&rsquo;s marketing and support teams.<\/p><\/li><li data-start=\"1418\" data-end=\"1539\"><p data-start=\"1420\" data-end=\"1539\"><strong data-start=\"1420\" data-end=\"1440\">Hosting provider<\/strong>: Hostinger International LTD (Cyprus), responsible for the security and confidentiality of data.<\/p><\/li><li data-start=\"1540\" data-end=\"1687\"><p data-start=\"1542\" data-end=\"1687\"><strong data-start=\"1542\" data-end=\"1571\">Authorized subcontractors<\/strong>: technical service providers bound by confidentiality agreements (e.g., Google Analytics for audience measurement).<\/p><\/li><\/ul><ol start=\"6\" data-start=\"1689\" data-end=\"1857\"><li data-start=\"1689\" data-end=\"1821\"><p data-start=\"1692\" data-end=\"1821\"><strong data-start=\"1692\" data-end=\"1725\">Data Transfers Outside the EU<\/strong><br data-start=\"1725\" data-end=\"1728\" \/>Data is hosted within the European Union (Cyprus). No transfers outside the EU are performed.<\/p><\/li><li data-start=\"1823\" data-end=\"1857\"><p data-start=\"1826\" data-end=\"1857\"><strong data-start=\"1826\" data-end=\"1837\">Cookies<\/strong><br data-start=\"1837\" data-end=\"1840\" \/>The website uses:<\/p><\/li><\/ol><ul data-start=\"1859\" data-end=\"2062\"><li data-start=\"1859\" data-end=\"1920\"><p data-start=\"1861\" data-end=\"1920\"><strong data-start=\"1861\" data-end=\"1891\">Strictly necessary cookies<\/strong> for website functionality.<\/p><\/li><li data-start=\"1921\" data-end=\"2062\"><p data-start=\"1923\" data-end=\"2062\"><strong data-start=\"1923\" data-end=\"1944\">Analytics cookies<\/strong> (Google Analytics): to measure and optimize traffic.<br data-start=\"1997\" data-end=\"2000\" \/>You can configure or refuse cookies via your browser settings.<\/p><\/li><\/ul><ol start=\"8\" data-start=\"2064\" data-end=\"2335\"><li data-start=\"2064\" data-end=\"2231\"><p data-start=\"2067\" data-end=\"2231\"><strong data-start=\"2067\" data-end=\"2079\">Security<\/strong><br data-start=\"2079\" data-end=\"2082\" \/>Technical and organizational measures compliant with Article 32 of the GDPR are in place: SSL encryption, restricted access control, regular backups.<\/p><\/li><li data-start=\"2233\" data-end=\"2335\"><p data-start=\"2236\" data-end=\"2335\"><strong data-start=\"2236\" data-end=\"2251\">Your Rights<\/strong><br data-start=\"2251\" data-end=\"2254\" \/>In accordance with the GDPR and the French Data Protection Act, you may exercise:<\/p><\/li><\/ol><ul data-start=\"2337\" data-end=\"2643\"><li data-start=\"2337\" data-end=\"2409\"><p data-start=\"2339\" data-end=\"2409\"><strong data-start=\"2339\" data-end=\"2358\">Right of access<\/strong>: to obtain confirmation of the use of your data.<\/p><\/li><li data-start=\"2410\" data-end=\"2469\"><p data-start=\"2412\" data-end=\"2469\"><strong data-start=\"2412\" data-end=\"2438\">Right of rectification<\/strong>: to correct inaccurate data.<\/p><\/li><li data-start=\"2470\" data-end=\"2519\"><p data-start=\"2472\" data-end=\"2519\"><strong data-start=\"2472\" data-end=\"2492\">Right to erasure<\/strong> (right to be forgotten).<\/p><\/li><li data-start=\"2520\" data-end=\"2563\"><p data-start=\"2522\" data-end=\"2563\"><strong data-start=\"2522\" data-end=\"2560\">Right to restriction of processing<\/strong>.<\/p><\/li><li data-start=\"2564\" data-end=\"2598\"><p data-start=\"2566\" data-end=\"2598\"><strong data-start=\"2566\" data-end=\"2595\">Right to data portability<\/strong>.<\/p><\/li><li data-start=\"2599\" data-end=\"2643\"><p data-start=\"2601\" data-end=\"2643\"><strong data-start=\"2601\" data-end=\"2620\">Right to object<\/strong> on legitimate grounds.<\/p><\/li><\/ul><p data-start=\"2645\" data-end=\"2711\">For any request, please contact:<br data-start=\"2677\" data-end=\"2680\" \/><strong data-start=\"2680\" data-end=\"2689\">Email<\/strong>: <a class=\"cursor-pointer\" rel=\"noopener\" data-start=\"2691\" data-end=\"2711\">contact@spiceroad.fr<\/a><\/p><p data-start=\"2713\" data-end=\"2771\">You may also file a complaint with the CNIL (<a class=\"\" href=\"http:\/\/www.cnil.fr\" target=\"_new\" rel=\"noopener\" data-start=\"2758\" data-end=\"2769\">www.cnil.fr<\/a>).<\/p><ol start=\"10\" data-start=\"2773\" data-end=\"2928\" data-is-last-node=\"\" data-is-only-node=\"\"><li data-start=\"2773\" data-end=\"2928\" data-is-last-node=\"\"><p data-start=\"2777\" data-end=\"2928\" data-is-last-node=\"\"><strong data-start=\"2777\" data-end=\"2795\">Policy Updates<\/strong><br data-start=\"2795\" data-end=\"2798\" \/>This policy may be updated to reflect legal or technical developments. The date of the latest update is indicated on the homepage.<\/p><\/li><\/ol>\t\t\t\t\t\t\t\t<\/div>\n\t\t\t\t<\/div>\n\t\t\t\t\t<\/div>\n\t\t\t\t<\/div>\n\t\t\t\t<\/div>","protected":false},"excerpt":{"rendered":"<p>1. Responsable du traitementLa soci\u00e9t\u00e9 Spice Road, dont le si\u00e8ge social est situ\u00e9 au 16, Rue Sainte-C\u00e9cile, 75009 Paris, France, est responsable du traitement des donn\u00e9es personnelles collect\u00e9es sur le site www.spiceroad.fr. 2. Donn\u00e9es collect\u00e9esLes cat\u00e9gories de donn\u00e9es personnelles susceptibles d\u2019\u00eatre trait\u00e9es : Donn\u00e9es d\u2019identification et de contact : nom, pr\u00e9nom, adresse e-mail, num\u00e9ro de [&hellip;]<\/p>","protected":false},"author":1,"featured_media":0,"parent":0,"menu_order":0,"comment_status":"closed","ping_status":"closed","template":"","meta":{"footnotes":""},"class_list":["post-236","page","type-page","status-publish","hentry"],"_links":{"self":[{"href":"https:\/\/spiceroad.fr\/en_gb\/wp-json\/wp\/v2\/pages\/236","targetHints":{"allow":["GET"]}}],"collection":[{"href":"https:\/\/spiceroad.fr\/en_gb\/wp-json\/wp\/v2\/pages"}],"about":[{"href":"https:\/\/spiceroad.fr\/en_gb\/wp-json\/wp\/v2\/types\/page"}],"author":[{"embeddable":true,"href":"https:\/\/spiceroad.fr\/en_gb\/wp-json\/wp\/v2\/users\/1"}],"replies":[{"embeddable":true,"href":"https:\/\/spiceroad.fr\/en_gb\/wp-json\/wp\/v2\/comments?post=236"}],"version-history":[{"count":13,"href":"https:\/\/spiceroad.fr\/en_gb\/wp-json\/wp\/v2\/pages\/236\/revisions"}],"predecessor-version":[{"id":731,"href":"https:\/\/spiceroad.fr\/en_gb\/wp-json\/wp\/v2\/pages\/236\/revisions\/731"}],"wp:attachment":[{"href":"https:\/\/spiceroad.fr\/en_gb\/wp-json\/wp\/v2\/media?parent=236"}],"curies":[{"name":"wp","href":"https:\/\/api.w.org\/{rel}","templated":true}]}}