{"id":232,"date":"2025-06-07T05:18:31","date_gmt":"2025-06-07T05:18:31","guid":{"rendered":"https:\/\/spiceroad.fr\/?page_id=232"},"modified":"2025-06-12T13:20:48","modified_gmt":"2025-06-12T13:20:48","slug":"mentions-legales","status":"publish","type":"page","link":"https:\/\/spiceroad.fr\/en_gb\/mentions-legales\/","title":{"rendered":"Legal notice"},"content":{"rendered":"<div data-elementor-type=\"wp-page\" data-elementor-id=\"232\" class=\"elementor elementor-232\" data-elementor-post-type=\"page\">\n\t\t\t\t<div class=\"elementor-element elementor-element-8052376 e-flex e-con-boxed e-con e-parent\" data-id=\"8052376\" data-element_type=\"container\" data-e-type=\"container\" data-no-translation=\"\">\n\t\t\t\t\t<div class=\"e-con-inner\">\n\t\t\t\t<div class=\"elementor-element elementor-element-7302c51 elementor-widget elementor-widget-heading\" data-id=\"7302c51\" data-element_type=\"widget\" data-e-type=\"widget\" data-widget_type=\"heading.default\">\n\t\t\t\t<div class=\"elementor-widget-container\">\n\t\t\t\t\t<h1 class=\"elementor-heading-title elementor-size-default\">Legal Notice<\/h1>\t\t\t\t<\/div>\n\t\t\t\t<\/div>\n\t\t\t\t<div class=\"elementor-element elementor-element-90679cc elementor-widget elementor-widget-text-editor\" data-id=\"90679cc\" data-element_type=\"widget\" data-e-type=\"widget\" data-widget_type=\"text-editor.default\">\n\t\t\t\t<div class=\"elementor-widget-container\">\n\t\t\t\t\t\t\t\t\t\n<ol>\n<li>\n<p><strong>Site Publisher<\/strong><br \/>The website \u201c<a href=\"http:\/\/www.spiceroad.xn--fr-02t\/\">www.spiceroad.fr\u201d<\/a> is published by:<\/p>\n<\/li>\n<\/ol>\n<p>Company Name: Spice Road<br \/>Registered Office: 16, Rue Sainte-C\u00e9cile<br \/>75009 Paris \u2013 FRANCE<br \/>Email: <a href=\"mailto:contact@spiceroad.fr\">contact@spiceroad.fr<\/a><br \/>Phone: +33 (0) 780734867<\/p>\n<ol start=\"2\">\n<li>\n<p><strong>Publication Director<\/strong><br \/>Mrs. Fanja Raharison, in her capacity as Managing Director.<\/p>\n<\/li>\n<li>\n<p><strong>Hosting Provider<\/strong><br \/>The website is hosted by:<\/p>\n<\/li>\n<\/ol>\n<p>Company: Hostinger<br \/>Head Office: Hostinger International LTD, 61 Lordou Vironos Street, 6023 Larnaca, Cyprus<br \/>Website: <a href=\"https:\/\/www.hostinger.fr\/contact\" target=\"_blank\" rel=\"noopener\">https:\/\/www.hostinger.fr\/contact<\/a><\/p>\n<ol start=\"4\">\n<li>\n<p><strong>Intellectual Property<\/strong><br \/>All content (texts, visuals, logos, graphic elements) on this website is protected by intellectual property law. Any reproduction, representation, or distribution, whether partial or complete, is prohibited without prior written authorization from the publisher.<\/p>\n<\/li>\n<li>\n<p><strong>Personal Data<\/strong><br \/>In accordance with Regulation (EU) 2016\/679 (GDPR) and the amended French Data Protection Act of January 6, 1978:<\/p>\n<\/li>\n<\/ol>\n<p>Data collected via the website&rsquo;s forms is used solely to process your requests.<br \/>You have the right to access, rectify, and delete your data, which you can exercise by contacting: <a href=\"mailto:contact@spiceroad.fr\">contact@spiceroad.fr<\/a><br \/>For more information, please refer to our Privacy Policy.<\/p>\n<ol start=\"6\">\n<li>\n<p><strong>Cookies<\/strong><br \/>This site uses cookies to:<\/p>\n<\/li>\n<\/ol>\n<ul>\n<li>\n<p>Measure website traffic (Google Analytics)<\/p>\n<\/li>\n<li>\n<p>Enhance your browsing experience<\/p>\n<\/li>\n<\/ul>\n<p>You can configure or refuse cookies through your browser settings.<\/p>\n<ol start=\"7\">\n<li>\n<p><strong>Liability<\/strong><br \/>The information published on the site is provided \u201cas is.\u201d The publisher does not guarantee the accuracy, completeness, or constant updating of the content. As a result, users assume full responsibility for their use of the information.<\/p>\n<\/li>\n<li>\n<p><strong>Applicable Law and Jurisdiction<\/strong><br \/>This website is governed by French law. In the event of a dispute, only French courts shall have jurisdiction.<\/p>\n<\/li>\n<\/ol>\n\t\t\t\t\t\t\t\t<\/div>\n\t\t\t\t<\/div>\n\t\t\t\t\t<\/div>\n\t\t\t\t<\/div>\n\t\t\t\t<\/div>","protected":false},"excerpt":{"rendered":"<p>1. \u00c9diteur du siteLe site \u00ab www.spiceroad.fr \u00bb est \u00e9dit\u00e9 par : 2. Directeur de la publicationMadame Fanja Raharison, en qualit\u00e9 de g\u00e9rant. 3. H\u00e9bergeurLe site est h\u00e9berg\u00e9 par : 4. Propri\u00e9t\u00e9 intellectuelleL\u2019ensemble des contenus (textes, visuels, logos, chartes graphiques) pr\u00e9sents sur ce site est prot\u00e9g\u00e9 par le droit de la propri\u00e9t\u00e9 intellectuelle. Toute reproduction, [&hellip;]<\/p>","protected":false},"author":1,"featured_media":0,"parent":0,"menu_order":0,"comment_status":"closed","ping_status":"closed","template":"","meta":{"footnotes":""},"class_list":["post-232","page","type-page","status-publish","hentry"],"_links":{"self":[{"href":"https:\/\/spiceroad.fr\/en_gb\/wp-json\/wp\/v2\/pages\/232","targetHints":{"allow":["GET"]}}],"collection":[{"href":"https:\/\/spiceroad.fr\/en_gb\/wp-json\/wp\/v2\/pages"}],"about":[{"href":"https:\/\/spiceroad.fr\/en_gb\/wp-json\/wp\/v2\/types\/page"}],"author":[{"embeddable":true,"href":"https:\/\/spiceroad.fr\/en_gb\/wp-json\/wp\/v2\/users\/1"}],"replies":[{"embeddable":true,"href":"https:\/\/spiceroad.fr\/en_gb\/wp-json\/wp\/v2\/comments?post=232"}],"version-history":[{"count":24,"href":"https:\/\/spiceroad.fr\/en_gb\/wp-json\/wp\/v2\/pages\/232\/revisions"}],"predecessor-version":[{"id":728,"href":"https:\/\/spiceroad.fr\/en_gb\/wp-json\/wp\/v2\/pages\/232\/revisions\/728"}],"wp:attachment":[{"href":"https:\/\/spiceroad.fr\/en_gb\/wp-json\/wp\/v2\/media?parent=232"}],"curies":[{"name":"wp","href":"https:\/\/api.w.org\/{rel}","templated":true}]}}