{"id":19,"date":"2025-06-06T13:20:32","date_gmt":"2025-06-06T13:20:32","guid":{"rendered":"https:\/\/spiceroad.fr\/?page_id=19"},"modified":"2025-07-03T06:47:57","modified_gmt":"2025-07-03T06:47:57","slug":"nos-engagements","status":"publish","type":"page","link":"https:\/\/spiceroad.fr\/en_gb\/nos-engagements\/","title":{"rendered":"Our Commitments"},"content":{"rendered":"<div data-elementor-type=\"wp-page\" data-elementor-id=\"19\" class=\"elementor elementor-19\" data-elementor-post-type=\"page\">\n\t\t\t\t<div class=\"elementor-element elementor-element-2f7428b e-flex e-con-boxed e-con e-parent\" data-id=\"2f7428b\" data-element_type=\"container\" data-e-type=\"container\">\n\t\t\t\t\t<div class=\"e-con-inner\">\n\t\t<div class=\"elementor-element elementor-element-d1cc530 e-con-full e-flex e-con e-child\" data-id=\"d1cc530\" data-element_type=\"container\" data-e-type=\"container\">\n\t\t\t\t<div class=\"elementor-element elementor-element-94241b1 elementor-widget__width-inherit elementor-widget elementor-widget-text-editor\" data-id=\"94241b1\" data-element_type=\"widget\" data-e-type=\"widget\" data-widget_type=\"text-editor.default\">\n\t\t\t\t<div class=\"elementor-widget-container\">\n\t\t\t\t\t\t\t\t\t<p>Vanilla production is first and foremost rooted in an exceptionally fertile land and in the know-how of the women and men who cultivate it.\nFully aware of this reality, we actively support concrete initiatives in the fields of education, women\u2019s empowerment, future generations, healthcare, preservation of natural heritage, and the building of sustainable and human-centered relationships.<\/p><p class=\"translation-block\">We build <b>long-term, human relationships<\/b> with our partners while maintaining <b>the highest standards of quality.<\/b><\/p><p>Thanks to our dual cultural background, we serve as a bridge between Madagascar and the international market \u2014 combining local expertise with a global vision.<\/p><p class=\"translation-block\">Our commitment is to deliver <b>exceptional vanilla that is natural, ethical, and responsible.<\/b><\/p>\t\t\t\t\t\t\t\t<\/div>\n\t\t\t\t<\/div>\n\t\t\t\t<\/div>\n\t\t<div class=\"elementor-element elementor-element-637bcfc e-con-full e-flex e-con e-child\" data-id=\"637bcfc\" data-element_type=\"container\" data-e-type=\"container\">\n\t\t\t\t<div class=\"elementor-element elementor-element-2bf5602 elementor-widget elementor-widget-video\" data-id=\"2bf5602\" data-element_type=\"widget\" data-e-type=\"widget\" data-settings=\"{&quot;video_type&quot;:&quot;hosted&quot;,&quot;autoplay&quot;:&quot;yes&quot;,&quot;play_on_mobile&quot;:&quot;yes&quot;,&quot;controls&quot;:&quot;yes&quot;}\" data-widget_type=\"video.default\">\n\t\t\t\t<div class=\"elementor-widget-container\">\n\t\t\t\t\t\t\t<div class=\"e-hosted-video elementor-wrapper elementor-open-inline\">\n\t\t\t\t\t<video class=\"elementor-video\" src=\"https:\/\/spiceroad.fr\/wp-content\/uploads\/2025\/06\/IMG_1502-ezgif.com-mute-video.mp4\" autoplay=\"\" controls=\"\" playsinline=\"\" controlslist=\"nodownload\"><\/video>\n\t\t\t\t<\/div>\n\t\t\t\t\t\t<\/div>\n\t\t\t\t<\/div>\n\t\t\t\t<\/div>\n\t\t\t\t\t<\/div>\n\t\t\t\t<\/div>\n\t\t\t\t<\/div>","protected":false},"excerpt":{"rendered":"<p>La production de vanille repose avant tout sur une terre exceptionnellement propice et sur le savoir-faire des femmes et des hommes qui y sont associ\u00e9s. Conscients de cette r\u00e9alit\u00e9, nous soutenons activement des actions concr\u00e8tes en faveur de l\u2019\u00e9ducation, du soutien des femmes et des g\u00e9n\u00e9rations futures, de la sant\u00e9, de la pr\u00e9servation du patrimoine [&hellip;]<\/p>","protected":false},"author":1,"featured_media":998,"parent":0,"menu_order":0,"comment_status":"closed","ping_status":"closed","template":"","meta":{"footnotes":""},"class_list":["post-19","page","type-page","status-publish","has-post-thumbnail","hentry"],"_links":{"self":[{"href":"https:\/\/spiceroad.fr\/en_gb\/wp-json\/wp\/v2\/pages\/19","targetHints":{"allow":["GET"]}}],"collection":[{"href":"https:\/\/spiceroad.fr\/en_gb\/wp-json\/wp\/v2\/pages"}],"about":[{"href":"https:\/\/spiceroad.fr\/en_gb\/wp-json\/wp\/v2\/types\/page"}],"author":[{"embeddable":true,"href":"https:\/\/spiceroad.fr\/en_gb\/wp-json\/wp\/v2\/users\/1"}],"replies":[{"embeddable":true,"href":"https:\/\/spiceroad.fr\/en_gb\/wp-json\/wp\/v2\/comments?post=19"}],"version-history":[{"count":80,"href":"https:\/\/spiceroad.fr\/en_gb\/wp-json\/wp\/v2\/pages\/19\/revisions"}],"predecessor-version":[{"id":1268,"href":"https:\/\/spiceroad.fr\/en_gb\/wp-json\/wp\/v2\/pages\/19\/revisions\/1268"}],"wp:featuredmedia":[{"embeddable":true,"href":"https:\/\/spiceroad.fr\/en_gb\/wp-json\/wp\/v2\/media\/998"}],"wp:attachment":[{"href":"https:\/\/spiceroad.fr\/en_gb\/wp-json\/wp\/v2\/media?parent=19"}],"curies":[{"name":"wp","href":"https:\/\/api.w.org\/{rel}","templated":true}]}}